{"id":382,"date":"2021-12-07T12:12:45","date_gmt":"2021-12-07T12:12:45","guid":{"rendered":"https:\/\/callehammer.se\/?page_id=382"},"modified":"2025-03-10T18:52:26","modified_gmt":"2025-03-10T18:52:26","slug":"pris","status":"publish","type":"page","link":"https:\/\/callehammer.se\/pris\/","title":{"rendered":"Pris"},"content":{"rendered":"<p>[et_pb_section fb_built=&#8221;1&#8243; fullwidth=&#8221;on&#8221; admin_label=&#8221;Header Section&#8221; _builder_version=&#8221;4.16&#8243; background_color=&#8221;#000000&#8243; custom_margin=&#8221;-75px||||false|false&#8221; custom_padding=&#8221;||0px||false|false&#8221; global_colors_info=&#8221;{}&#8221;][et_pb_fullwidth_header title=&#8221;priser&#8221; text_orientation=&#8221;center&#8221; header_scroll_down=&#8221;on&#8221; scroll_down_icon=&#8221;%%2%%&#8221; scroll_down_icon_color=&#8221;#148591&#8243; scroll_down_icon_size=&#8221;80px&#8221; button_one_text=&#8221;Boka behandling&#8221; button_one_url=&#8221;https:\/\/www.bokadirekt.se\/places\/parelle-cosmetics-ystad-8582&#8243; background_overlay_color=&#8221;rgba(255,255,255,0.9)&#8221; content_max_width_last_edited=&#8221;off|desktop&#8221; admin_label=&#8221;Contents&#8221; _builder_version=&#8221;4.27.4&#8243; title_font=&#8221;Oswald|||on|&#8221; title_text_align=&#8221;center&#8221; title_font_size=&#8221;80px&#8221; title_letter_spacing=&#8221;0.05em&#8221; title_line_height=&#8221;1.5em&#8221; content_font=&#8221;|||on|||||&#8221; subhead_font=&#8221;Nunito|600|||||||&#8221; subhead_font_size=&#8221;20px&#8221; subhead_line_height=&#8221;1.9em&#8221; background_color=&#8221;rgba(255,255,255,0)&#8221; background_image=&#8221;https:\/\/callehammer.se\/wp-content\/uploads\/2019\/07\/calle-hammer-massage-bakgrund.jpg&#8221; parallax=&#8221;on&#8221; parallax_method=&#8221;on&#8221; custom_button_one=&#8221;on&#8221; button_one_text_size=&#8221;15px&#8221; button_one_text_color=&#8221;#ffffff&#8221; button_one_bg_color=&#8221;#148591&#8243; button_one_border_width=&#8221;0px&#8221; button_one_border_color=&#8221;rgba(0,0,0,0)&#8221; button_one_border_radius=&#8221;20px&#8221; button_one_letter_spacing=&#8221;3px&#8221; button_one_font=&#8221;Oswald|||on|&#8221; button_one_use_icon=&#8221;off&#8221; button_one_custom_margin=&#8221;||||false|false&#8221; button_one_custom_margin_tablet=&#8221;&#8221; button_one_custom_margin_phone=&#8221;&#8221; button_one_custom_margin_last_edited=&#8221;on|desktop&#8221; button_one_custom_padding=&#8221;13px|23px|13px|23px|true|true&#8221; background_layout=&#8221;light&#8221; width=&#8221;100%&#8221; min_height=&#8221;607px&#8221; custom_margin=&#8221;72px||||false|false&#8221; custom_padding=&#8221;4.3%||4.3%||true|false&#8221; animation_style=&#8221;fade&#8221; animation_starting_opacity=&#8221;50%&#8221; animation_speed_curve=&#8221;ease-in&#8221; link_option_url_new_window=&#8221;on&#8221; title_font_size_tablet=&#8221;60px&#8221; title_font_size_phone=&#8221;40px&#8221; title_font_size_last_edited=&#8221;on|phone&#8221; button_one_font_tablet=&#8221;&#8221; button_one_font_phone=&#8221;&#8221; button_one_font_last_edited=&#8221;on|desktop&#8221; button_one_icon_color_last_edited=&#8221;off|desktop&#8221; button_one_border_color_hover=&#8221;#c99872&#8243; button_one_border_radius_hover=&#8221;0px&#8221; button_one_letter_spacing_hover=&#8221;3px&#8221; button_one_bg_color_hover=&#8221;#c99872&#8243; global_colors_info=&#8221;{}&#8221; button_one_text_size__hover_enabled=&#8221;on&#8221; button_two_text_size__hover_enabled=&#8221;off&#8221; button_one_text_color__hover_enabled=&#8221;on&#8221; button_two_text_color__hover_enabled=&#8221;off&#8221; button_one_border_width__hover_enabled=&#8221;on&#8221; button_two_border_width__hover_enabled=&#8221;off&#8221; button_one_border_color__hover_enabled=&#8221;on&#8221; button_one_border_color__hover=&#8221;#148591&#8243; button_two_border_color__hover_enabled=&#8221;off&#8221; button_one_border_radius__hover_enabled=&#8221;on&#8221; button_one_border_radius__hover=&#8221;20px&#8221; button_two_border_radius__hover_enabled=&#8221;off&#8221; button_one_letter_spacing__hover_enabled=&#8221;on&#8221; button_one_letter_spacing__hover=&#8221;3px&#8221; button_two_letter_spacing__hover_enabled=&#8221;off&#8221; button_one_bg_color__hover_enabled=&#8221;on&#8221; button_one_bg_color__hover=&#8221;#ffffff&#8221; button_two_bg_color__hover_enabled=&#8221;off&#8221; button_one_text_color__hover=&#8221;#148591&#8243; button_one_bg_enable_color__hover=&#8221;on&#8221; button_one_custom_padding__hover_enabled=&#8221;on&#8221; button_one_custom_padding__hover=&#8221;13px|23px|13px|23px&#8221; button_one_icon_color__hover_enabled=&#8221;on&#8221; button_one_icon_color__hover=&#8221;#148591&#8243; button_one_custom_margin__hover_enabled=&#8221;on&#8221; button_one_text_size__hover=&#8221;15px&#8221; button_one_border_width__hover=&#8221;0px&#8221; button_one_custom_margin__hover=&#8221;||||false|false&#8221;]<\/p>\n<p>Du hittar mig i f\u00f6rsta hand p\u00e5 Parelle i Ystad, men jag g\u00f6r \u00e4ven hembes\u00f6k hos privatpersoner i s\u00f6dra Sk\u00e5ne och i \u00c4lmhult med omnejd. K\u00f6r \u00e4ven ut till f\u00f6retag.<\/p>\n<p>[\/et_pb_fullwidth_header][\/et_pb_section][et_pb_section fb_built=&#8221;1&#8243; admin_label=&#8221;About Coffee&#8221; _builder_version=&#8221;4.16&#8243; background_color=&#8221;#1d2528&#8243; min_height=&#8221;275px&#8221; locked=&#8221;off&#8221; global_colors_info=&#8221;{}&#8221; custom_padding__hover_enabled=&#8221;on|desktop&#8221;][et_pb_row column_structure=&#8221;1_2,1_2&#8243; _builder_version=&#8221;4.16&#8243; _module_preset=&#8221;default&#8221; min_height=&#8221;786px&#8221; custom_padding=&#8221;2px|||||&#8221; global_colors_info=&#8221;{}&#8221;][et_pb_column type=&#8221;1_2&#8243; _builder_version=&#8221;4.16&#8243; _module_preset=&#8221;default&#8221; global_colors_info=&#8221;{}&#8221;][et_pb_text _builder_version=&#8221;4.27.4&#8243; _module_preset=&#8221;default&#8221; text_text_color=&#8221;#ffffff&#8221; text_font_size=&#8221;16px&#8221; hover_enabled=&#8221;0&#8243; global_colors_info=&#8221;{}&#8221; sticky_enabled=&#8221;0&#8243;]<\/p>\n<p><span style=\"font-size: xx-large;\"><strong><br \/>Massage \u2013 klassisk \/ avslappning \/ idrottsmassage<\/strong><\/span><\/p>\n<p>&nbsp;<\/p>\n<p><span style=\"font-size: xx-large;\"><strong>Prislista hembes\u00f6k<\/strong><\/span><\/p>\n<p>&nbsp;<\/p>\n<p><strong>Klassisk massage\u00a0helkropp 60 min<\/strong>\u00a0= 700 kr<\/p>\n<p><em>V\u00e4lg\u00f6rande och f\u00f6rebyggande massage som l\u00f6ser upp sp\u00e4nningar i musklerna.<\/em><\/p>\n<p><strong>Klassisk massage halvkropp 45 min<\/strong>\u00a0= 600 kr<\/p>\n<p><strong>Klassisk massage rygg 30 min<\/strong>\u00a0= 450 kr<\/p>\n<p><strong>Klassisk massage \u00f6vre rygg: skuldror, nacke, axlar 15 min<br \/><\/strong>= 300 kr <em>V\u00e4lg\u00f6rande och f\u00f6rebyggande massage som l\u00f6ser upp sp\u00e4nningar i musklerna.<\/em><\/p>\n<p><strong>Avslappningsmassage helkropp inklusive f\u00f6tter och ansikte 60 min\u00a0<\/strong>= 650 kr. <em>Avstressande massage med lugna, mjuka tag.<\/em><\/p>\n<p><strong>Avslappningsmassage halvkropp: rygg, axlar, nacke, ben 30 min<\/strong> =\u00a0400 kr.\u00a0<em>Avstressande massage med lugna, mjuka tag.<\/em><\/p>\n<p><em><strong>Idrottsmassage 30 min <\/strong><\/em><em>= 500 kr <\/em><em style=\"font-size: 16px;\">En mer djupg\u00e5ende och h\u00e5rdare massage med fokus p\u00e5 specifika omr\u00e5den.<\/em><\/p>\n<p><em><strong>Idrottsmassage i kombination med klassisk 60 min <\/strong><\/em><em>= 725 kr<\/em><\/p>\n<p><em><strong>Idrottsmassage i kombination med klassisk 45 min <\/strong><\/em><em>= 625 kr <\/em><\/p>\n<p>&nbsp;<\/p>\n<p>&nbsp;<\/p>\n<p><strong><span style=\"font-size: xx-large;\">Erbjudanden<\/span><\/strong><\/p>\n<p>&nbsp;<\/p>\n<ul>\n<li><span style=\"font-size: 16px;\">Studenter och pension\u00e4rer har 20% rabatt p\u00e5 alla behandlingar. <\/span><\/li>\n<li>G\u00e5 nio g\u00e5nger och f\u00e5 tionde g\u00e5ngen gratis.<\/li>\n<li>Boka hembes\u00f6k f\u00f6r minst 2, max 4 personer och f\u00e5 20% rabatt p\u00e5 totalpriset.<\/li>\n<li>F\u00f6r bokning av hembes\u00f6k, kontakta mig via email eller telefon, s\u00e5 kommer vi \u00f6verens om en tid.<\/li>\n<\/ul>\n<p>Vill du boka en tid hos mig p\u00e5 Parelle, klicka p\u00e5 l\u00e4nken nedan.<\/p>\n<p>[\/et_pb_text][\/et_pb_column][et_pb_column type=&#8221;1_2&#8243; _builder_version=&#8221;4.16&#8243; _module_preset=&#8221;default&#8221; global_colors_info=&#8221;{}&#8221;][et_pb_image src=&#8221;https:\/\/callehammer.se\/wp-content\/uploads\/2019\/09\/68921011_939540973050306_8620010847814549504_n.jpg&#8221; title_text=&#8221;68921011_939540973050306_8620010847814549504_n&#8221; _builder_version=&#8221;4.16&#8243; _module_preset=&#8221;default&#8221; global_colors_info=&#8221;{}&#8221;][\/et_pb_image][\/et_pb_column][\/et_pb_row][et_pb_row _builder_version=&#8221;4.16&#8243; _module_preset=&#8221;default&#8221; global_colors_info=&#8221;{}&#8221;][et_pb_column type=&#8221;4_4&#8243; _builder_version=&#8221;4.16&#8243; _module_preset=&#8221;default&#8221; global_colors_info=&#8221;{}&#8221;][et_pb_button button_url=&#8221;https:\/\/www.bokadirekt.se\/places\/parelle-cosmetics-ystad-8582%20&#8243; button_text=&#8221;Boka&#8221; _builder_version=&#8221;4.16&#8243; _module_preset=&#8221;default&#8221; custom_padding=&#8221;|37px||37px|false|true&#8221; global_colors_info=&#8221;{}&#8221;][\/et_pb_button][\/et_pb_column][\/et_pb_row][\/et_pb_section][et_pb_section fb_built=&#8221;1&#8243; admin_label=&#8221;Footer&#8221; _builder_version=&#8221;4.16&#8243; background_color=&#8221;rgba(255,255,255,0.21)&#8221; background_color_gradient_direction=&#8221;90deg&#8221; background_enable_image=&#8221;off&#8221; background_blend=&#8221;overlay&#8221; custom_padding=&#8221;0px|0px|0px|0px&#8221; saved_tabs=&#8221;all&#8221; locked=&#8221;off&#8221; global_colors_info=&#8221;{}&#8221;][et_pb_row column_structure=&#8221;1_2,1_2&#8243; use_custom_gutter=&#8221;on&#8221; gutter_width=&#8221;1&#8243; make_equal=&#8221;on&#8221; admin_label=&#8221;Footer Row&#8221; module_class=&#8221; et_pb_row_fullwidth&#8221; _builder_version=&#8221;4.16&#8243; width=&#8221;100%&#8221; width_tablet=&#8221;100%&#8221; width_phone=&#8221;&#8221; width_last_edited=&#8221;on|desktop&#8221; max_width=&#8221;100%&#8221; max_width_tablet=&#8221;100%&#8221; max_width_phone=&#8221;&#8221; max_width_last_edited=&#8221;on|desktop&#8221; custom_margin=&#8221;|||&#8221; custom_padding=&#8221;0px|0px|0px|0px&#8221; animation_style=&#8221;fade&#8221; make_fullwidth=&#8221;on&#8221; global_colors_info=&#8221;{}&#8221;][et_pb_column type=&#8221;1_2&#8243; _builder_version=&#8221;4.16&#8243; background_color=&#8221;rgba(0,0,0,0.7)&#8221; background_image=&#8221;https:\/\/callehammer.se\/wp-content\/uploads\/2019\/07\/calle-hammer-massage-bakgrund.jpg&#8221; background_blend=&#8221;overlay&#8221; custom_padding=&#8221;100px|10%|100px|10%&#8221; custom_padding_tablet=&#8221;&#8221; custom_padding_phone=&#8221;&#8221; custom_padding_last_edited=&#8221;on|phone&#8221; global_colors_info=&#8221;{}&#8221; custom_padding__hover=&#8221;|||&#8221;][et_pb_text admin_label=&#8221;Tittle&#8221; _builder_version=&#8221;4.16&#8243; text_font=&#8221;Oswald||||&#8221; link_font=&#8221;||||||||&#8221; ul_font=&#8221;||||||||&#8221; ol_font=&#8221;||||||||&#8221; quote_font=&#8221;||||||||&#8221; header_font=&#8221;||||||||&#8221; header_2_font=&#8221;Oswald|||on|||||&#8221; header_2_text_align=&#8221;left&#8221; header_2_font_size=&#8221;40px&#8221; header_2_letter_spacing=&#8221;2px&#8221; header_2_line_height=&#8221;1.5em&#8221; background_layout=&#8221;dark&#8221; custom_margin=&#8221;||4%|&#8221; locked=&#8221;off&#8221; global_colors_info=&#8221;{}&#8221;]<\/p>\n<h2>Hitta hit!<\/h2>\n<p>[\/et_pb_text][et_pb_text admin_label=&#8221;Texts&#8221; _builder_version=&#8221;4.21.0&#8243; text_font=&#8221;Nunito||||&#8221; text_font_size=&#8221;16px&#8221; text_line_height=&#8221;1.5em&#8221; header_font=&#8221;Oswald|||on|&#8221; header_text_color=&#8221;#148591&#8243; header_font_size=&#8221;16px&#8221; header_letter_spacing=&#8221;2px&#8221; header_line_height=&#8221;1.7em&#8221; header_4_font=&#8221;Oswald|||on|||||&#8221; header_4_text_color=&#8221;#148591&#8243; header_4_font_size=&#8221;16px&#8221; header_4_letter_spacing=&#8221;1px&#8221; header_4_line_height=&#8221;1.5em&#8221; background_layout=&#8221;dark&#8221; custom_margin=&#8221;||6%|&#8221; locked=&#8221;off&#8221; global_colors_info=&#8221;{}&#8221;]<\/p>\n<h4>Adress<\/h4>\n<p>Stora \u00d6stergatan 5 (Parelle Cosmetics)<br \/>\n[\/et_pb_text][et_pb_image _builder_version=&#8221;4.21.0&#8243; border_radii=&#8221;on|10px|10px|10px|10px&#8221; border_width_all=&#8221;7px&#8221; border_color_all=&#8221;#148591&#8243; box_shadow_style=&#8221;preset1&#8243; box_shadow_vertical=&#8221;0px&#8221; box_shadow_color=&#8221;#ffffff&#8221; global_colors_info=&#8221;{}&#8221;][\/et_pb_image][\/et_pb_column][et_pb_column type=&#8221;1_2&#8243; _builder_version=&#8221;4.16&#8243; background_color=&#8221;#000000&#8243; custom_padding=&#8221;100px|10%|100px|10%&#8221; global_colors_info=&#8221;{}&#8221; custom_padding__hover=&#8221;|||&#8221;][et_pb_text admin_label=&#8221;Texts&#8221; _builder_version=&#8221;4.16&#8243; text_font=&#8221;Oswald||||&#8221; link_font=&#8221;||||||||&#8221; ul_font=&#8221;||||||||&#8221; ol_font=&#8221;||||||||&#8221; quote_font=&#8221;||||||||&#8221; header_font=&#8221;||||||||&#8221; header_2_font=&#8221;Oswald|||on|||||&#8221; header_2_text_align=&#8221;left&#8221; header_2_font_size=&#8221;40px&#8221; header_2_letter_spacing=&#8221;2px&#8221; header_2_line_height=&#8221;1.5em&#8221; background_layout=&#8221;dark&#8221; custom_margin=&#8221;||4%|&#8221; custom_padding=&#8221;|||&#8221; locked=&#8221;off&#8221; global_colors_info=&#8221;{}&#8221;]<\/p>\n<h2>kontakta mig!<\/h2>\n<p>[\/et_pb_text][et_pb_text admin_label=&#8221;Texts&#8221; _builder_version=&#8221;4.16&#8243; text_font=&#8221;Nunito||||&#8221; text_font_size=&#8221;16px&#8221; text_line_height=&#8221;1.5em&#8221; header_font=&#8221;Oswald|||on|&#8221; header_text_color=&#8221;#DCA57D&#8221; header_font_size=&#8221;16px&#8221; header_letter_spacing=&#8221;2px&#8221; header_line_height=&#8221;1.7em&#8221; header_4_font=&#8221;Oswald|||on|||||&#8221; header_4_text_color=&#8221;#148591&#8243; header_4_font_size=&#8221;16px&#8221; header_4_letter_spacing=&#8221;1px&#8221; header_4_line_height=&#8221;1.5em&#8221; background_layout=&#8221;dark&#8221; custom_margin=&#8221;||6%|&#8221; locked=&#8221;off&#8221; global_colors_info=&#8221;{}&#8221;]<\/p>\n<h4>Telefon<\/h4>\n<p>0706-588259<br \/>\n[\/et_pb_text][et_pb_text admin_label=&#8221;Texts&#8221; _builder_version=&#8221;4.16&#8243; text_font=&#8221;Nunito||||&#8221; text_font_size=&#8221;16px&#8221; text_line_height=&#8221;1.5em&#8221; header_font=&#8221;Oswald|||on|&#8221; header_text_color=&#8221;#148591&#8243; header_font_size=&#8221;16px&#8221; header_letter_spacing=&#8221;2px&#8221; header_line_height=&#8221;1.7em&#8221; header_4_font=&#8221;Oswald|||on|||||&#8221; header_4_text_color=&#8221;#148591&#8243; header_4_font_size=&#8221;16px&#8221; header_4_letter_spacing=&#8221;1px&#8221; header_4_line_height=&#8221;1.5em&#8221; background_layout=&#8221;dark&#8221; custom_margin=&#8221;||6%|&#8221; locked=&#8221;off&#8221; global_colors_info=&#8221;{}&#8221;]<\/p>\n<h4>Mail<\/h4>\n<p>cjhammer77@gmail.com<br \/>\n[\/et_pb_text][\/et_pb_column][\/et_pb_row][\/et_pb_section]<\/p>\n","protected":false},"excerpt":{"rendered":"<p>Du hittar mig i f\u00f6rsta hand p\u00e5 Parelle i Ystad, men jag g\u00f6r \u00e4ven hembes\u00f6k hos privatpersoner i s\u00f6dra Sk\u00e5ne och i \u00c4lmhult med omnejd. K\u00f6r \u00e4ven ut till f\u00f6retag.Massage \u2013 klassisk \/ avslappning \/ idrottsmassage &nbsp; Prislista hembes\u00f6k &nbsp; Klassisk massage\u00a0helkropp 60 min\u00a0= 700 kr V\u00e4lg\u00f6rande och f\u00f6rebyggande massage som l\u00f6ser upp sp\u00e4nningar i [&hellip;]<\/p>\n","protected":false},"author":12324,"featured_media":0,"parent":0,"menu_order":0,"comment_status":"closed","ping_status":"closed","template":"","meta":{"_et_pb_use_builder":"on","_et_pb_old_content":"","_et_gb_content_width":"","footnotes":""},"class_list":["post-382","page","type-page","status-publish","hentry"],"yoast_head":"<!-- This site is optimized with the Yoast SEO plugin v27.4 - https:\/\/yoast.com\/product\/yoast-seo-wordpress\/ -->\n<title>Pris - Calle Hammer<\/title>\n<meta name=\"robots\" content=\"index, follow, max-snippet:-1, max-image-preview:large, max-video-preview:-1\" \/>\n<link rel=\"canonical\" href=\"https:\/\/callehammer.se\/pris\/\" \/>\n<meta property=\"og:locale\" content=\"sv_SE\" \/>\n<meta property=\"og:type\" content=\"article\" \/>\n<meta property=\"og:title\" content=\"Pris - Calle Hammer\" \/>\n<meta property=\"og:description\" content=\"Du hittar mig i f\u00f6rsta hand p\u00e5 Parelle i Ystad, men jag g\u00f6r \u00e4ven hembes\u00f6k hos privatpersoner i s\u00f6dra Sk\u00e5ne och i \u00c4lmhult med omnejd. K\u00f6r \u00e4ven ut till f\u00f6retag.Massage \u2013 klassisk \/ avslappning \/ idrottsmassage &nbsp; Prislista hembes\u00f6k &nbsp; Klassisk massage\u00a0helkropp 60 min\u00a0= 700 kr V\u00e4lg\u00f6rande och f\u00f6rebyggande massage som l\u00f6ser upp sp\u00e4nningar i [&hellip;]\" \/>\n<meta property=\"og:url\" content=\"https:\/\/callehammer.se\/pris\/\" \/>\n<meta property=\"og:site_name\" content=\"Calle Hammer\" \/>\n<meta property=\"article:modified_time\" content=\"2025-03-10T18:52:26+00:00\" \/>\n<meta name=\"twitter:card\" content=\"summary_large_image\" \/>\n<meta name=\"twitter:label1\" content=\"Ber\u00e4knad l\u00e4stid\" \/>\n\t<meta name=\"twitter:data1\" content=\"2 minuter\" \/>\n<script type=\"application\/ld+json\" class=\"yoast-schema-graph\">{\"@context\":\"https:\\\/\\\/schema.org\",\"@graph\":[{\"@type\":\"WebPage\",\"@id\":\"https:\\\/\\\/callehammer.se\\\/pris\\\/\",\"url\":\"https:\\\/\\\/callehammer.se\\\/pris\\\/\",\"name\":\"Pris - Calle Hammer\",\"isPartOf\":{\"@id\":\"https:\\\/\\\/callehammer.se\\\/#website\"},\"datePublished\":\"2021-12-07T12:12:45+00:00\",\"dateModified\":\"2025-03-10T18:52:26+00:00\",\"breadcrumb\":{\"@id\":\"https:\\\/\\\/callehammer.se\\\/pris\\\/#breadcrumb\"},\"inLanguage\":\"sv-SE\",\"potentialAction\":[{\"@type\":\"ReadAction\",\"target\":[\"https:\\\/\\\/callehammer.se\\\/pris\\\/\"]}]},{\"@type\":\"BreadcrumbList\",\"@id\":\"https:\\\/\\\/callehammer.se\\\/pris\\\/#breadcrumb\",\"itemListElement\":[{\"@type\":\"ListItem\",\"position\":1,\"name\":\"Hem\",\"item\":\"https:\\\/\\\/callehammer.se\\\/\"},{\"@type\":\"ListItem\",\"position\":2,\"name\":\"Pris\"}]},{\"@type\":\"WebSite\",\"@id\":\"https:\\\/\\\/callehammer.se\\\/#website\",\"url\":\"https:\\\/\\\/callehammer.se\\\/\",\"name\":\"Calle Hammer\",\"description\":\"Massage\",\"potentialAction\":[{\"@type\":\"SearchAction\",\"target\":{\"@type\":\"EntryPoint\",\"urlTemplate\":\"https:\\\/\\\/callehammer.se\\\/?s={search_term_string}\"},\"query-input\":{\"@type\":\"PropertyValueSpecification\",\"valueRequired\":true,\"valueName\":\"search_term_string\"}}],\"inLanguage\":\"sv-SE\"}]}<\/script>\n<!-- \/ Yoast SEO plugin. -->","yoast_head_json":{"title":"Pris - Calle Hammer","robots":{"index":"index","follow":"follow","max-snippet":"max-snippet:-1","max-image-preview":"max-image-preview:large","max-video-preview":"max-video-preview:-1"},"canonical":"https:\/\/callehammer.se\/pris\/","og_locale":"sv_SE","og_type":"article","og_title":"Pris - Calle Hammer","og_description":"Du hittar mig i f\u00f6rsta hand p\u00e5 Parelle i Ystad, men jag g\u00f6r \u00e4ven hembes\u00f6k hos privatpersoner i s\u00f6dra Sk\u00e5ne och i \u00c4lmhult med omnejd. K\u00f6r \u00e4ven ut till f\u00f6retag.Massage \u2013 klassisk \/ avslappning \/ idrottsmassage &nbsp; Prislista hembes\u00f6k &nbsp; Klassisk massage\u00a0helkropp 60 min\u00a0= 700 kr V\u00e4lg\u00f6rande och f\u00f6rebyggande massage som l\u00f6ser upp sp\u00e4nningar i [&hellip;]","og_url":"https:\/\/callehammer.se\/pris\/","og_site_name":"Calle Hammer","article_modified_time":"2025-03-10T18:52:26+00:00","twitter_card":"summary_large_image","twitter_misc":{"Ber\u00e4knad l\u00e4stid":"2 minuter"},"schema":{"@context":"https:\/\/schema.org","@graph":[{"@type":"WebPage","@id":"https:\/\/callehammer.se\/pris\/","url":"https:\/\/callehammer.se\/pris\/","name":"Pris - Calle Hammer","isPartOf":{"@id":"https:\/\/callehammer.se\/#website"},"datePublished":"2021-12-07T12:12:45+00:00","dateModified":"2025-03-10T18:52:26+00:00","breadcrumb":{"@id":"https:\/\/callehammer.se\/pris\/#breadcrumb"},"inLanguage":"sv-SE","potentialAction":[{"@type":"ReadAction","target":["https:\/\/callehammer.se\/pris\/"]}]},{"@type":"BreadcrumbList","@id":"https:\/\/callehammer.se\/pris\/#breadcrumb","itemListElement":[{"@type":"ListItem","position":1,"name":"Hem","item":"https:\/\/callehammer.se\/"},{"@type":"ListItem","position":2,"name":"Pris"}]},{"@type":"WebSite","@id":"https:\/\/callehammer.se\/#website","url":"https:\/\/callehammer.se\/","name":"Calle Hammer","description":"Massage","potentialAction":[{"@type":"SearchAction","target":{"@type":"EntryPoint","urlTemplate":"https:\/\/callehammer.se\/?s={search_term_string}"},"query-input":{"@type":"PropertyValueSpecification","valueRequired":true,"valueName":"search_term_string"}}],"inLanguage":"sv-SE"}]}},"_links":{"self":[{"href":"https:\/\/callehammer.se\/wp-json\/wp\/v2\/pages\/382","targetHints":{"allow":["GET"]}}],"collection":[{"href":"https:\/\/callehammer.se\/wp-json\/wp\/v2\/pages"}],"about":[{"href":"https:\/\/callehammer.se\/wp-json\/wp\/v2\/types\/page"}],"author":[{"embeddable":true,"href":"https:\/\/callehammer.se\/wp-json\/wp\/v2\/users\/12324"}],"replies":[{"embeddable":true,"href":"https:\/\/callehammer.se\/wp-json\/wp\/v2\/comments?post=382"}],"version-history":[{"count":19,"href":"https:\/\/callehammer.se\/wp-json\/wp\/v2\/pages\/382\/revisions"}],"predecessor-version":[{"id":558,"href":"https:\/\/callehammer.se\/wp-json\/wp\/v2\/pages\/382\/revisions\/558"}],"wp:attachment":[{"href":"https:\/\/callehammer.se\/wp-json\/wp\/v2\/media?parent=382"}],"curies":[{"name":"wp","href":"https:\/\/api.w.org\/{rel}","templated":true}]}}